{"id":5375,"date":"2023-02-10T11:37:09","date_gmt":"2023-02-10T10:37:09","guid":{"rendered":"https:\/\/sensacionsbarcelona.com\/politica-de-privacidad\/"},"modified":"2025-01-17T11:15:21","modified_gmt":"2025-01-17T10:15:21","slug":"politica-de-privacidad","status":"publish","type":"page","link":"https:\/\/sensacions.com\/es\/politica-de-privacidad\/","title":{"rendered":"Pol\u00edtica de privacidad"},"content":{"rendered":"\t\t<div data-elementor-type=\"wp-page\" data-elementor-id=\"5375\" class=\"elementor elementor-5375 elementor-1731\" data-elementor-post-type=\"page\">\n\t\t\t\t\t\t<section class=\"elementor-section elementor-top-section elementor-element elementor-element-052301c elementor-section-full_width elementor-section-content-space-around elementor-section-height-min-height elementor-section-items-stretch elementor-section-height-default\" data-id=\"052301c\" data-element_type=\"section\" data-settings=\"{&quot;background_background&quot;:&quot;classic&quot;,&quot;jet_parallax_layout_list&quot;:[]}\">\n\t\t\t\t\t\t<div class=\"elementor-container elementor-column-gap-no\">\n\t\t\t\t\t<div class=\"elementor-column elementor-col-100 elementor-top-column elementor-element elementor-element-f75d0ff animated-slow elementor-invisible\" data-id=\"f75d0ff\" data-element_type=\"column\" data-settings=\"{&quot;animation&quot;:&quot;slideInUp&quot;}\">\n\t\t\t<div class=\"elementor-widget-wrap elementor-element-populated\">\n\t\t\t\t\t\t<div class=\"elementor-element elementor-element-27edc3a animated-fast elementor-invisible elementor-widget elementor-widget-heading\" data-id=\"27edc3a\" data-element_type=\"widget\" data-settings=\"{&quot;_animation&quot;:&quot;fadeInUp&quot;}\" data-widget_type=\"heading.default\">\n\t\t\t\t<div class=\"elementor-widget-container\">\n\t\t\t\t\t<h6 class=\"elementor-heading-title elementor-size-default\">Legal<\/h6>\t\t\t\t<\/div>\n\t\t\t\t<\/div>\n\t\t\t\t<div class=\"elementor-element elementor-element-a73118e animated-fast elementor-invisible elementor-widget elementor-widget-heading\" data-id=\"a73118e\" data-element_type=\"widget\" data-settings=\"{&quot;_animation&quot;:&quot;fadeInUp&quot;,&quot;_animation_delay&quot;:50}\" data-widget_type=\"heading.default\">\n\t\t\t\t<div class=\"elementor-widget-container\">\n\t\t\t\t\t<h2 class=\"elementor-heading-title elementor-size-default\">Pol\u00edtica de privacidad<\/h2>\t\t\t\t<\/div>\n\t\t\t\t<\/div>\n\t\t\t\t\t<\/div>\n\t\t<\/div>\n\t\t\t\t\t<\/div>\n\t\t<\/section>\n\t\t\t\t<section class=\"elementor-section elementor-top-section elementor-element elementor-element-39629769 elementor-section-boxed elementor-section-height-default elementor-section-height-default\" data-id=\"39629769\" data-element_type=\"section\" data-settings=\"{&quot;jet_parallax_layout_list&quot;:[]}\">\n\t\t\t\t\t\t<div class=\"elementor-container elementor-column-gap-no\">\n\t\t\t\t\t<div class=\"elementor-column elementor-col-100 elementor-top-column elementor-element elementor-element-5072a212\" data-id=\"5072a212\" data-element_type=\"column\">\n\t\t\t<div class=\"elementor-widget-wrap elementor-element-populated\">\n\t\t\t\t\t\t<section class=\"elementor-section elementor-inner-section elementor-element elementor-element-742b118 elementor-section-boxed elementor-section-height-default elementor-section-height-default\" data-id=\"742b118\" data-element_type=\"section\" data-settings=\"{&quot;jet_parallax_layout_list&quot;:[]}\">\n\t\t\t\t\t\t<div class=\"elementor-container elementor-column-gap-no\">\n\t\t\t\t\t<div class=\"elementor-column elementor-col-100 elementor-inner-column elementor-element elementor-element-40aed913\" data-id=\"40aed913\" data-element_type=\"column\">\n\t\t\t<div class=\"elementor-widget-wrap elementor-element-populated\">\n\t\t\t\t\t\t<div class=\"elementor-element elementor-element-263a9ad5 elementor-widget elementor-widget-text-editor\" data-id=\"263a9ad5\" data-element_type=\"widget\" data-widget_type=\"text-editor.default\">\n\t\t\t\t<div class=\"elementor-widget-container\">\n\t\t\t\t\t\t\t\t\t<h5>1. \u00bfQui\u00e9n es el responsable del tratamiento de sus datos?<\/h5>\n<p>El responsable del tratamiento de sus datos personales es CATERING SENSACIONS, S.L. (en adelante, \u201cCATERING SENSACIONS\u201d), con N.I.F. B65390163 y domicilio social en Avenida Can Mag\u00ed, 5 08173, Barcelona, Espa\u00f1a.<\/p>\n<p>Le informamos que la titularidad del Sitio Web de <a href=\"https:\/\/sensacions.com\/es\/\">https:\/\/sensacions.com<\/a> (en adelante, \u201cel Sitio Web\u201d), es de CATERING SENSACIONS.<\/p>\n<p>La presente Pol\u00edtica de Privacidad regula el acceso y el uso del sitio web (en adelante, el \u00abSitio Web\u00bb) que CATERING SENSACIONS pone a disposici\u00f3n de los usuarios de Internet (en adelante, los \u00abUsuarios\u00bb) interesados en los contenidos (en adelante, los \u00abContenidos\u00bb) y los servicios (en adelante, los \u00abServicios\u00bb) ofertados por CATERING SENSACIONS en el mismo.<\/p>\n<p>El Usuario podr\u00e1 contactar con CATERING SENSACIONS en la siguiente direcci\u00f3n de correo electr\u00f3nico: info@sensacionsbarcelona.com<\/p>\n\t\t\t\t\t\t\t\t<\/div>\n\t\t\t\t<\/div>\n\t\t\t\t<div class=\"elementor-element elementor-element-9cb0599 elementor-widget elementor-widget-text-editor\" data-id=\"9cb0599\" data-element_type=\"widget\" data-widget_type=\"text-editor.default\">\n\t\t\t\t<div class=\"elementor-widget-container\">\n\t\t\t\t\t\t\t\t\t<h5>2. Recomendaciones<\/h5>\n<p>Por favor, lea atentamente y siga las siguientes recomendaciones:<\/p>\n<ul>\n<li>Mantenga su equipo equipado con software antivirus debidamente actualizado contra software malicioso y aplicaciones de spyware que puedan poner en peligro su navegaci\u00f3n por Internet y la informaci\u00f3n alojada en su equipo.<\/li>\n<li>Lea y revise esta Pol\u00edtica de Privacidad y todos los textos legales puestos a disposici\u00f3n por CATERING SENSACIONS en el Sitio Web.<\/li>\n<\/ul>\n\t\t\t\t\t\t\t\t<\/div>\n\t\t\t\t<\/div>\n\t\t\t\t<div class=\"elementor-element elementor-element-352bae9 elementor-widget elementor-widget-text-editor\" data-id=\"352bae9\" data-element_type=\"widget\" data-widget_type=\"text-editor.default\">\n\t\t\t\t<div class=\"elementor-widget-container\">\n\t\t\t\t\t\t\t\t\t<h5>3. Informaci\u00f3n sobre los datos que CATERING SENSACIONS recopila a trav\u00e9s del Sitio Web<\/h5>\n<p>Para el correcto funcionamiento del Sitio Web, CATERING SENSACIONS puede tener acceso a los siguientes datos facilitados, en su caso, por parte de Usuario:<\/p>\n<p>(i) Datos de identificaci\u00f3n: nombre, apellidos, fecha de nacimiento, club y pa\u00eds del usuario.<br \/>\n(ii) Datos de contacto: email y tel\u00e9fono del usuario.<\/p>\n\t\t\t\t\t\t\t\t<\/div>\n\t\t\t\t<\/div>\n\t\t\t\t<div class=\"elementor-element elementor-element-785b8d0 elementor-widget elementor-widget-text-editor\" data-id=\"785b8d0\" data-element_type=\"widget\" data-widget_type=\"text-editor.default\">\n\t\t\t\t<div class=\"elementor-widget-container\">\n\t\t\t\t\t\t\t\t\t<h5>4.\u00a0\u00bfPor qu\u00e9 CATERING SENSACIONS est\u00e1 legitimado para procesar sus datos?<\/h5>\r\nLa base de legitimaci\u00f3n de CATERING SENSACIONS para el tratamiento de los datos de los Usuarios a trav\u00e9s de este Sitio Web es el consentimiento de los Usuarios al tratamiento de sus datos personales.\r\n\r\nEn este sentido, CATERING SENSACIONS trata los datos personales de los Usuarios con el fin de atender las peticiones de informaci\u00f3n o pruebas de\u00a0 servicio solicitadas por los usuarios, permitir la publicaci\u00f3n de rese\u00f1as\/comentarios enviados por los usuarios, dar de alta a los usuarios en el\r\nSitio Web, administrar el env\u00edo de Newsletter y\/o comunicaciones y contenidos comerciales, gestionar las solicitudes de empleo de los usuarios y facilitar la descarga de contenidos promocionales a petici\u00f3n del interesado.\r\n\r\nAceptando la presente Pol\u00edtica de Privacidad y marcando las casillas correspondientes, el Usuario presta su consentimiento a dicho tratamiento.\r\n\r\nCATERING SENSACIONS se toma muy en serio la protecci\u00f3n de su privacidad y sus datos personales. Por esta raz\u00f3n, sus datos personales se conservan de forma segura y se tratan con el m\u00e1ximo cuidado, de conformidad con las disposiciones del Reglamento (UE) 2016\/679 del Parlamento Europeo y del Consejo, de 27 de abril de 2016, relativo a la protecci\u00f3n de las personas\r\nf\u00edsicas en lo que respecta al tratamiento de datos personales y a la libre circulaci\u00f3n de estos datos (el \u00ab<strong>Reglamento general de protecci\u00f3n de datos<\/strong>\u00bb o \u00ab<strong>Reglamento de protecci\u00f3n de datos o RGPD<\/strong>\u00ab).\r\n\r\nLa presente Pol\u00edtica de Privacidad regula el acceso y el uso del servicio que CATERING SENSACIONS pone a disposici\u00f3n del Usuario interesado en los servicios y contenidos alojados en el Sitio Web.\r\n\r\nPor lo que respecta a este punto, el Usuario podr\u00e1 retirar su consentimiento en cualquier momento mandando un mensaje a la siguiente direcci\u00f3n de correo electr\u00f3nico: <a href=\"mailto:info@sensacionsbarcelona.com\">info@sensacionsbarcelona.com<\/a> sin que ello afecte a la licitud del tratamiento basado en el consentimiento previo a su retirada.\t\t\t\t\t\t\t\t<\/div>\n\t\t\t\t<\/div>\n\t\t\t\t<div class=\"elementor-element elementor-element-b33fd7e elementor-widget elementor-widget-text-editor\" data-id=\"b33fd7e\" data-element_type=\"widget\" data-widget_type=\"text-editor.default\">\n\t\t\t\t<div class=\"elementor-widget-container\">\n\t\t\t\t\t\t\t\t\t<h5>5. \u00bfCu\u00e1les son las finalidades del tratamiento de sus datos personales?<\/h5>\n<p>Sus datos de car\u00e1cter personal recabados por CATERING SENSACIONS podr\u00e1n ser utilizados para las siguientes finalidades, seg\u00fan el consentimiento otorgado en el formulario de registro correspondiente:<\/p>\n<p>5.1 La prestaci\u00f3n de los servicios ofrecidos a trav\u00e9s del Sitio Web.<br \/>\n5.2 La gesti\u00f3n de consultas y peticiones de informaci\u00f3n planteadas por los Usuarios a trav\u00e9s del Sitio Web, as\u00ed como de la solicitud de pruebas y demos de los productos\/servicios de CATERING SENSACIONS.<br \/>\n5.3 El env\u00edo y descarga de contenidos promocionales y\/o comerciales de CATERING SENSACIONS a petici\u00f3n del usuario.<br \/>\n5.4 Dar de alta y registrar a los usuarios en el Sitio Web para ofrecer sus servicios.<br \/>\n5.5 La gesti\u00f3n de las solicitudes de empleo de los usuarios y la bolsa de trabajo de CATERING SENSACIONS.<br \/>\n5.6 El env\u00edo de comunicaciones comerciales y\/o Newsletter por parte de CATERING SENSACIONS. Si as\u00ed lo ha consentido el Usuario, sus datos personales podr\u00e1n ser utilizados para enviarle por carta, tel\u00e9fono, correo electr\u00f3nico, SMS\/MMS, o por otros medios de comunicaci\u00f3n electr\u00f3nica equivalentes, comunicaciones comerciales y\/o Newsletter de CATERING<br \/>\nSENSACIONS.<\/p>\n\t\t\t\t\t\t\t\t<\/div>\n\t\t\t\t<\/div>\n\t\t\t\t<div class=\"elementor-element elementor-element-e59c884 elementor-widget elementor-widget-text-editor\" data-id=\"e59c884\" data-element_type=\"widget\" data-widget_type=\"text-editor.default\">\n\t\t\t\t<div class=\"elementor-widget-container\">\n\t\t\t\t\t\t\t\t\t<h5>6.\u00a0 Veracidad de los datos facilitados por los Usuarios<\/h5>\n<p>El Usuario garantiza la veracidad de los datos personales facilitados y se compromete a comunicar a CATERING SENSACIONS cualquier modificaci\u00f3n de los mismos. El Usuario responder\u00e1, en cualquier caso, de la veracidad de los datos facilitados, reserv\u00e1ndose CATERING SENSACIONS el derecho a excluir de los servicios a todo Usuario que haya facilitado datos falsos, sin perjuicio de<br \/>\nlas dem\u00e1s acciones que procedan en Derecho.<\/p>\n<p>Se recomienda que los Usuarios protejan sus datos con la m\u00e1xima diligencia utilizando las herramientas de seguridad adecuadas. CATERING SENSACIONS no ser\u00e1 responsable de ning\u00fan robo, modificaci\u00f3n ilegal o p\u00e9rdida de datos.<\/p>\n<p>Cualquier modificaci\u00f3n o actualizaci\u00f3n de los datos deber\u00e1 ser comunicada a CATERING SENSACIONS a trav\u00e9s de los medios de comunicaci\u00f3n previstos en la presente Pol\u00edtica de Privacidad.<\/p>\n\t\t\t\t\t\t\t\t<\/div>\n\t\t\t\t<\/div>\n\t\t\t\t<div class=\"elementor-element elementor-element-178f61d elementor-widget elementor-widget-text-editor\" data-id=\"178f61d\" data-element_type=\"widget\" data-widget_type=\"text-editor.default\">\n\t\t\t\t<div class=\"elementor-widget-container\">\n\t\t\t\t\t\t\t\t\t<h5>7. Conservaci\u00f3n de datos<\/h5>\n<p>La protecci\u00f3n de la privacidad y de los datos personales de los Usuarios es muy importante para CATERING SENSACIONS. Por lo tanto, CATERING SENSACIONS hace todo lo posible para evitar que los datos del Usuario sean utilizados de manera inadecuada. S\u00f3lo el personal autorizado tiene acceso a los datos del Usuario.<\/p>\n<p>Los datos personales del Usuario se conservar\u00e1n mientras permanezca su cuenta de CATERING SENSACIONS activa para los fines del tratamiento para los que han sido facilitados, siempre que el Usuario no haya revocado su consentimiento, solicitando la eliminaci\u00f3n de su cuenta o el borrado de determinados datos personales del Sitio Web.<\/p>\n<p>Posteriormente, en caso de ser necesario, CATERING SENSACIONS mantendr\u00e1 la informaci\u00f3n bloqueada durante los plazos legalmente establecidos.<\/p>\n<p>CATERING SENSACIONS se compromete al cumplimiento de su obligaci\u00f3n de secreto y confidencialidad de los datos de car\u00e1cter personal conforme a lo dispuesto en la legislaci\u00f3n aplicable.<\/p>\n\t\t\t\t\t\t\t\t<\/div>\n\t\t\t\t<\/div>\n\t\t\t\t<div class=\"elementor-element elementor-element-84abf1b elementor-widget elementor-widget-text-editor\" data-id=\"84abf1b\" data-element_type=\"widget\" data-widget_type=\"text-editor.default\">\n\t\t\t\t<div class=\"elementor-widget-container\">\n\t\t\t\t\t\t\t\t\t<h5>8. Derechos de los usuarios<\/h5>\n<p>Los usuarios tienen derecho a:<\/p>\n<p>(i) Acceder a sus datos personales;<br \/>\n(ii) Solicitar la rectificaci\u00f3n de cualquier dato inexacto;<br \/>\n(iii)Solicitar la supresi\u00f3n de sus datos;<br \/>\n(iv) Solicitar que se limite el tratamiento de sus datos;<br \/>\n(v) Oponerse al tratamiento de sus datos;<br \/>\n(vi) Solicitar la portabilidad de sus datos.<br \/>\n(vii) Asimismo, los Usuarios tendr\u00e1n derecho a no ser objeto de decisiones basadas \u00fanicamente en el tratamiento automatizado de datos.<\/p>\n<p>El Usuario puede ejercer todos estos derechos en la siguiente direcci\u00f3n de correo electr\u00f3nico: <a href=\"mailto:info@sensacionsbarcelona.com\">info@sensacionsbarcelona.com<\/a> indicando el motivo de su petici\u00f3n y aportando una copia de su D.N.I.<\/p>\n<p>El Usuario puede tambi\u00e9n enviar su petici\u00f3n por correo ordinario a la siguiente direcci\u00f3n postal en Avenida Can Mag\u00ed, 5 08173, Barcelona, Espa\u00f1a.<\/p>\n<p>La comunicaci\u00f3n dirigida a CATERING SENSACIONS deber\u00e1 contener la siguiente informaci\u00f3n.<\/p>\n<ul>\n<li>Nombre y apellidos del Usuario; fotocopia de su documento nacional de identidad, o de su pasaporte u otro documento v\u00e1lido que lo identifique.<\/li>\n<li>Petici\u00f3n en que se concreta la solicitud.<\/li>\n<\/ul>\n<p>Sin perjuicio de cualquier otro recurso administrativo o acci\u00f3n judicial, el Usuario tendr\u00e1 derecho a presentar una reclamaci\u00f3n ante una Autoridad de Control, en particular en el Estado miembro en el que tenga su residencia habitual, lugar de trabajo o lugar de la supuesta infracci\u00f3n, en caso de que considere que el tratamiento de sus datos personales no es adecuado a la normativa, as\u00ed como en el caso de no ver satisfecho el ejercicio de sus derechos. La autoridad de control ante la que se haya presentado la reclamaci\u00f3n informar\u00e1 al reclamante sobre el curso y el resultado de la reclamaci\u00f3n.<\/p>\n\t\t\t\t\t\t\t\t<\/div>\n\t\t\t\t<\/div>\n\t\t\t\t<div class=\"elementor-element elementor-element-0e01c5f elementor-widget elementor-widget-text-editor\" data-id=\"0e01c5f\" data-element_type=\"widget\" data-widget_type=\"text-editor.default\">\n\t\t\t\t<div class=\"elementor-widget-container\">\n\t\t\t\t\t\t\t\t\t<h5>9. Seguridad de datos<\/h5>\n<p><span style=\"background-color: var( --e-global-color-f70b657 ); color: var( --e-global-color-text ); font-family: var( --e-global-typography-0025e8e-font-family ), Sans-serif; font-size: var( --e-global-typography-0025e8e-font-size ); font-weight: var( --e-global-typography-0025e8e-font-weight ); letter-spacing: var( --e-global-typography-0025e8e-letter-spacing ); word-spacing: var( --e-global-typography-0025e8e-word-spacing );\">La protecci\u00f3n de la privacidad y de los datos personales de los Usuarios es muy importante para CATERING SENSACIONS. Por ello, CATERING SENSACIONS ha tomado todas las medidas a su alcance para evitar que sus datos sean utilizados de forma indebida, permitiendo el acceso a los mismos \u00fanicamente al personal autorizado.<br \/>\n<\/span><\/p>\n<p><span style=\"background-color: var( --e-global-color-f70b657 ); color: var( --e-global-color-text ); font-family: var( --e-global-typography-0025e8e-font-family ), Sans-serif; font-size: var( --e-global-typography-0025e8e-font-size ); font-weight: var( --e-global-typography-0025e8e-font-weight ); letter-spacing: var( --e-global-typography-0025e8e-letter-spacing ); word-spacing: var( --e-global-typography-0025e8e-word-spacing );\">CATERING SENSACIONS mantiene la seguridad adecuada para la protecci\u00f3n de los datos personales de acuerdo con la legislaci\u00f3n aplicable y ha establecido todos los medios t\u00e9cnicos a su alcance para evitar la p\u00e9rdida, mal uso, alteraci\u00f3n, acceso no autorizado y robo de los datos facilitados por el Usuario a trav\u00e9s del Sitio Web, sin perjuicio de informarle de que las medidas<br \/>\nde seguridad en Internet no son inexpugnables.<br \/>\n<\/span><\/p>\n<p><span style=\"background-color: var( --e-global-color-f70b657 ); color: var( --e-global-color-text ); font-family: var( --e-global-typography-0025e8e-font-family ), Sans-serif; font-size: var( --e-global-typography-0025e8e-font-size ); font-weight: var( --e-global-typography-0025e8e-font-weight ); letter-spacing: var( --e-global-typography-0025e8e-letter-spacing ); word-spacing: var( --e-global-typography-0025e8e-word-spacing );\">CATERING SENSACIONS se compromete a cumplir con el deber de secreto y confidencialidad respecto a los datos de car\u00e1cter personal de acuerdo con la legislaci\u00f3n aplicable.<br \/>\n<\/span><\/p>\n<p><span style=\"background-color: var( --e-global-color-f70b657 ); color: var( --e-global-color-text ); font-family: var( --e-global-typography-0025e8e-font-family ), Sans-serif; font-size: var( --e-global-typography-0025e8e-font-size ); font-weight: var( --e-global-typography-0025e8e-font-weight ); letter-spacing: var( --e-global-typography-0025e8e-letter-spacing ); word-spacing: var( --e-global-typography-0025e8e-word-spacing );\">CATERING SENSACIONS no ser\u00e1 responsable de los da\u00f1os y perjuicios que pudieran derivarse del incumplimiento de esta obligaci\u00f3n por parte del Usuario.<\/span><\/p>\n\t\t\t\t\t\t\t\t<\/div>\n\t\t\t\t<\/div>\n\t\t\t\t<div class=\"elementor-element elementor-element-ab7300c elementor-widget elementor-widget-text-editor\" data-id=\"ab7300c\" data-element_type=\"widget\" data-widget_type=\"text-editor.default\">\n\t\t\t\t<div class=\"elementor-widget-container\">\n\t\t\t\t\t\t\t\t\t<h5>10. Transferencias y\/o cesiones a terceros<\/h5>\n<p>Se informa al Usuario de que sus datos de car\u00e1cter personal no podr\u00e1n ser cedidos a terceras empresas o entidades.<\/p>\n<p>Los datos de los Usuarios \u00fanicamente podr\u00e1n ser utilizados por CATERING SENSACIONS para cualquier uso que sirva para cumplir correctamente con las finalidades del tratamiento de datos de car\u00e1cter personal recogidas en el punto 5 de esta Pol\u00edtica de Privacidad.<\/p>\n\t\t\t\t\t\t\t\t<\/div>\n\t\t\t\t<\/div>\n\t\t\t\t<div class=\"elementor-element elementor-element-3011880 elementor-widget elementor-widget-text-editor\" data-id=\"3011880\" data-element_type=\"widget\" data-widget_type=\"text-editor.default\">\n\t\t\t\t<div class=\"elementor-widget-container\">\n\t\t\t\t\t\t\t\t\t<h5>11. Cambios<\/h5>\n<p>CATERING SENSACIONS se reserva el derecho de revisar su Pol\u00edtica de Privacidad en el momento que considere oportuno. Por esta raz\u00f3n, le rogamos que compruebe de forma regular esta Pol\u00edtica de Privacidad para leer la versi\u00f3n m\u00e1s reciente de la misma.<\/p>\n<p>No obstante, cualquier cambio que se produzca en la presente Pol\u00edtica de Privacidad se comunicar\u00e1 al Usuario<\/p>\n\t\t\t\t\t\t\t\t<\/div>\n\t\t\t\t<\/div>\n\t\t\t\t<div class=\"elementor-element elementor-element-f87528c elementor-widget elementor-widget-text-editor\" data-id=\"f87528c\" data-element_type=\"widget\" data-widget_type=\"text-editor.default\">\n\t\t\t\t<div class=\"elementor-widget-container\">\n\t\t\t\t\t\t\t\t\t<h5>12. Links a p\u00e1ginas web<\/h5>\n<p>El Sitio Web de CATERING SENSACIONS podr\u00eda contener links a p\u00e1ginas web de compa\u00f1\u00edas y entidades de terceros. CATERING SENSACIONS no puede hacerse responsable de la forma en la que estas compa\u00f1\u00edas tratan la protecci\u00f3n de la privacidad y de los datos personales, por lo que le aconsejamos que lea detenidamente las declaraciones de Pol\u00edtica de Privacidad de estas p\u00e1ginas web que no son propiedad de CATERING SENSACIONS con relaci\u00f3n al uso, procesamiento y protecci\u00f3n de datos personales.<\/p>\n<p>Las condiciones que ofrecen estas p\u00e1ginas web pueden no ser las mismas que las que ofrece CATERING SENSACIONS.<\/p>\n\t\t\t\t\t\t\t\t<\/div>\n\t\t\t\t<\/div>\n\t\t\t\t<div class=\"elementor-element elementor-element-cf10b2b elementor-widget elementor-widget-text-editor\" data-id=\"cf10b2b\" data-element_type=\"widget\" data-widget_type=\"text-editor.default\">\n\t\t\t\t<div class=\"elementor-widget-container\">\n\t\t\t\t\t\t\t\t\t<h5>13. Preguntas<\/h5>\n<p>Si tiene alguna duda sobre nuestra Pol\u00edtica de Privacidad, p\u00f3ngase en contacto con nosotros enviando un correo electr\u00f3nico a: <a href=\"mailto:info@sensacionsbarcelona.com\">info@sensacionsbarcelona.com<\/a><\/p>\n<p>Asimismo, si considera que sus derechos no est\u00e1n debidamente salvaguardados, tiene derecho a presentar una reclamaci\u00f3n ante la Agencia Espa\u00f1ola de Protecci\u00f3n de Datos, cuyos datos de contacto son: tel\u00e9fonos 901 100 099 y 912 663 517; direcci\u00f3n postal C\/Jorge Juan 6, 28001 Madrid; oficina electr\u00f3nica <a href=\"https:\/\/sedeagpd.gob.es\/sede-electronica-web\/\" target=\"_blank\" rel=\"noopener\">https:\/\/sedeagpd.gob.es\/sede-electronica-web\/<\/a> y Solicitud<br \/>\nwww.agpd.es<\/p>\n\t\t\t\t\t\t\t\t<\/div>\n\t\t\t\t<\/div>\n\t\t\t\t<div class=\"elementor-element elementor-element-ee79efb elementor-widget elementor-widget-text-editor\" data-id=\"ee79efb\" data-element_type=\"widget\" data-widget_type=\"text-editor.default\">\n\t\t\t\t<div class=\"elementor-widget-container\">\n\t\t\t\t\t\t\t\t\t<h5>14. Aceptaci\u00f3n y Consentimiento<\/h5>\n<p>El Usuario declara haber sido informado de las condiciones sobre protecci\u00f3n de datos personales, aceptando y consintiendo el tratamiento de los mismos por parte de CATERING SENSACIONS, en la forma y para las finalidades indicadas en la presente Pol\u00edtica de Privacidad.<\/p>\n\t\t\t\t\t\t\t\t<\/div>\n\t\t\t\t<\/div>\n\t\t\t\t\t<\/div>\n\t\t<\/div>\n\t\t\t\t\t<\/div>\n\t\t<\/section>\n\t\t\t\t\t<\/div>\n\t\t<\/div>\n\t\t\t\t\t<\/div>\n\t\t<\/section>\n\t\t\t\t<\/div>\n\t\t","protected":false},"excerpt":{"rendered":"<p>Legal 1. \u00bfQui\u00e9n es el responsable del tratamiento de sus datos? El responsable del tratamiento de sus datos personales es CATERING SENSACIONS, S.L. (en adelante, \u201cCATERING SENSACIONS\u201d), con N.I.F. B65390163 y domicilio social en Avenida Can Mag\u00ed, 5 08173, Barcelona, Espa\u00f1a. Le informamos que la titularidad del Sitio Web de https:\/\/sensacions.com (en adelante, \u201cel Sitio [&hellip;]<\/p>\n","protected":false},"author":2,"featured_media":0,"parent":0,"menu_order":0,"comment_status":"closed","ping_status":"closed","template":"elementor_header_footer","meta":{"footnotes":""},"class_list":["post-5375","page","type-page","status-publish","hentry"],"_links":{"self":[{"href":"https:\/\/sensacions.com\/es\/wp-json\/wp\/v2\/pages\/5375","targetHints":{"allow":["GET"]}}],"collection":[{"href":"https:\/\/sensacions.com\/es\/wp-json\/wp\/v2\/pages"}],"about":[{"href":"https:\/\/sensacions.com\/es\/wp-json\/wp\/v2\/types\/page"}],"author":[{"embeddable":true,"href":"https:\/\/sensacions.com\/es\/wp-json\/wp\/v2\/users\/2"}],"replies":[{"embeddable":true,"href":"https:\/\/sensacions.com\/es\/wp-json\/wp\/v2\/comments?post=5375"}],"version-history":[{"count":3,"href":"https:\/\/sensacions.com\/es\/wp-json\/wp\/v2\/pages\/5375\/revisions"}],"predecessor-version":[{"id":6105,"href":"https:\/\/sensacions.com\/es\/wp-json\/wp\/v2\/pages\/5375\/revisions\/6105"}],"wp:attachment":[{"href":"https:\/\/sensacions.com\/es\/wp-json\/wp\/v2\/media?parent=5375"}],"curies":[{"name":"wp","href":"https:\/\/api.w.org\/{rel}","templated":true}]}}