{"id":5389,"date":"2023-02-10T11:34:31","date_gmt":"2023-02-10T10:34:31","guid":{"rendered":"https:\/\/sensacionsbarcelona.com\/condiciones-de-uso\/"},"modified":"2025-01-20T11:25:27","modified_gmt":"2025-01-20T10:25:27","slug":"aviso-legal","status":"publish","type":"page","link":"https:\/\/sensacions.com\/es\/aviso-legal\/","title":{"rendered":"Aviso legal"},"content":{"rendered":"\t\t<div data-elementor-type=\"wp-page\" data-elementor-id=\"5389\" class=\"elementor elementor-5389 elementor-1718\" data-elementor-post-type=\"page\">\n\t\t\t\t\t\t<section class=\"elementor-section elementor-top-section elementor-element elementor-element-052301c elementor-section-full_width elementor-section-content-space-around elementor-section-height-min-height elementor-section-items-stretch elementor-section-height-default\" data-id=\"052301c\" data-element_type=\"section\" data-settings=\"{&quot;background_background&quot;:&quot;classic&quot;,&quot;jet_parallax_layout_list&quot;:[]}\">\n\t\t\t\t\t\t<div class=\"elementor-container elementor-column-gap-no\">\n\t\t\t\t\t<div class=\"elementor-column elementor-col-100 elementor-top-column elementor-element elementor-element-f75d0ff animated-slow elementor-invisible\" data-id=\"f75d0ff\" data-element_type=\"column\" data-settings=\"{&quot;animation&quot;:&quot;slideInUp&quot;}\">\n\t\t\t<div class=\"elementor-widget-wrap elementor-element-populated\">\n\t\t\t\t\t\t<div class=\"elementor-element elementor-element-27edc3a animated-fast elementor-invisible elementor-widget elementor-widget-heading\" data-id=\"27edc3a\" data-element_type=\"widget\" data-settings=\"{&quot;_animation&quot;:&quot;fadeInUp&quot;}\" data-widget_type=\"heading.default\">\n\t\t\t\t<div class=\"elementor-widget-container\">\n\t\t\t\t\t<h6 class=\"elementor-heading-title elementor-size-default\">Legal<\/h6>\t\t\t\t<\/div>\n\t\t\t\t<\/div>\n\t\t\t\t<div class=\"elementor-element elementor-element-a73118e animated-fast elementor-invisible elementor-widget elementor-widget-heading\" data-id=\"a73118e\" data-element_type=\"widget\" data-settings=\"{&quot;_animation&quot;:&quot;fadeInUp&quot;,&quot;_animation_delay&quot;:50}\" data-widget_type=\"heading.default\">\n\t\t\t\t<div class=\"elementor-widget-container\">\n\t\t\t\t\t<h2 class=\"elementor-heading-title elementor-size-default\">Aviso legal<\/h2>\t\t\t\t<\/div>\n\t\t\t\t<\/div>\n\t\t\t\t\t<\/div>\n\t\t<\/div>\n\t\t\t\t\t<\/div>\n\t\t<\/section>\n\t\t\t\t<section class=\"elementor-section elementor-top-section elementor-element elementor-element-39629769 elementor-section-boxed elementor-section-height-default elementor-section-height-default\" data-id=\"39629769\" data-element_type=\"section\" data-settings=\"{&quot;jet_parallax_layout_list&quot;:[]}\">\n\t\t\t\t\t\t<div class=\"elementor-container elementor-column-gap-no\">\n\t\t\t\t\t<div class=\"elementor-column elementor-col-100 elementor-top-column elementor-element elementor-element-5072a212\" data-id=\"5072a212\" data-element_type=\"column\">\n\t\t\t<div class=\"elementor-widget-wrap elementor-element-populated\">\n\t\t\t\t\t\t<section class=\"elementor-section elementor-inner-section elementor-element elementor-element-742b118 elementor-section-boxed elementor-section-height-default elementor-section-height-default\" data-id=\"742b118\" data-element_type=\"section\" data-settings=\"{&quot;jet_parallax_layout_list&quot;:[]}\">\n\t\t\t\t\t\t<div class=\"elementor-container elementor-column-gap-no\">\n\t\t\t\t\t<div class=\"elementor-column elementor-col-100 elementor-inner-column elementor-element elementor-element-40aed913\" data-id=\"40aed913\" data-element_type=\"column\">\n\t\t\t<div class=\"elementor-widget-wrap elementor-element-populated\">\n\t\t\t\t\t\t<div class=\"elementor-element elementor-element-263a9ad5 elementor-widget elementor-widget-text-editor\" data-id=\"263a9ad5\" data-element_type=\"widget\" data-widget_type=\"text-editor.default\">\n\t\t\t\t<div class=\"elementor-widget-container\">\n\t\t\t\t\t\t\t\t\t<h5>1.- Derecho de la informaci\u00f3n<\/h5>\n<p>Le informamos que este Sitio Web <a href=\"https:\/\/sensacions.com\/es\/\">https:\/\/sensacions.com<\/a> (en adelante, el \u201cSitio Web\u201d)<br \/>\nes titularidad de CATERING SENSACIONS, S.L. (en adelante, \u201cCATERING SENSACIONS\u201d), con N.I.F. B65390163 y domicilio social en Avenida Can Mag\u00ed, 5 08173, Barcelona, Espa\u00f1a e inscrita en el Registro Mercantil de Barcelona.<\/p>\n<p>El acceso y\/o uso del Sitio Web le atribuye la condici\u00f3n de usuario, y acepta, desde dicho acceso y\/o uso, el presente Aviso Legal.<\/p>\n<p>El usuario (en adelante, el \u201cUsuario\u201d) puede ponerse en contacto con CATERING SENSACIONS a trav\u00e9s de la siguiente direcci\u00f3n de correo electr\u00f3nico: info@sensacionsbarcelona.com<\/p>\n\t\t\t\t\t\t\t\t<\/div>\n\t\t\t\t<\/div>\n\t\t\t\t<div class=\"elementor-element elementor-element-d0f2ad1 elementor-widget elementor-widget-text-editor\" data-id=\"d0f2ad1\" data-element_type=\"widget\" data-widget_type=\"text-editor.default\">\n\t\t\t\t<div class=\"elementor-widget-container\">\n\t\t\t\t\t\t\t\t\t<h5>2.- Uso del Sitio Web<\/h5>\n<p>El Usuario asume la responsabilidad del uso del Sitio Web. El Sitio Web puede proporcionar acceso a multitud de textos, gr\u00e1ficos, dibujos, dise\u00f1os, fotograf\u00edas, contenidos multimedia, e<br \/>\ninformaciones (en adelante, \u00abContenidos\u00bb) pertenecientes a CATERING SENSACIONS o a terceros a los que el Usuario puede tener acceso.<\/p>\n<p>El Usuario se compromete a hacer un uso adecuado de los Contenidos y servicios ofrecidos a trav\u00e9s del Sitio Web y con car\u00e1cter enunciativo, pero no limitativo, a no emplearlos para:<\/p>\n<ul>\n<li>Incurrir en actividades il\u00edcitas, ilegales o contrarias a la buena fe y al orden p\u00fablico.<\/li>\n<li>Provocar da\u00f1os en los sistemas f\u00edsicos y l\u00f3gicos del Sitio Web de CATERING SENSACIONS, de sus proveedores o de terceras personas.<\/li>\n<li>Introducir o difundir en la red virus inform\u00e1ticos o cualesquiera otros sistemas f\u00edsicos o l\u00f3gicos que sean susceptibles de provocar los da\u00f1os anteriormente\u00a0 mencionados.<\/li>\n<li>Intentar acceder, utilizar y\/o manipular los datos de CATERING SENSACIONS, terceros proveedores y otros usuarios.<\/li>\n<li>Reproducir o copiar, distribuir, permitir el acceso del p\u00fablico a trav\u00e9s de cualquier modalidad de comunicaci\u00f3n p\u00fablica, transformar o modificar los Contenidos, a menos que se cuente con la autorizaci\u00f3n de CATERING SENSACIONS.<\/li>\n<li>Suprimir, ocultar o manipular los Contenidos sujetos a derechos de propiedad intelectual o industrial y dem\u00e1s datos identificativos de dichos derechos de CATERING SENSACIONS o de terceros incorporados a los Contenidos, as\u00ed como los dispositivos t\u00e9cnicos de protecci\u00f3n o cualesquiera mecanismos de informaci\u00f3n que puedan insertarse en los Contenidos.<\/li>\n<li>CATERING SENSACIONS advierte de que los materiales contenidos en este Sitio Web han sido incluidos a mero t\u00edtulo informativo, por lo que resultan insuficientes para tomar decisiones o asumir posiciones en un caso concreto.<\/li>\n<\/ul>\n<p>El Usuario debe tener en cuenta que los materiales contenidos en este Sitio Web pudieran no reflejar el estado legislativo o jurisprudencial m\u00e1s reciente sobre las cuestiones analizadas. Asimismo, estos materiales pueden ser modificados, desarrollados o actualizados sin notificaci\u00f3n previa.<\/p>\n<p>CATERING SENSACIONS tendr\u00e1 derecho a investigar y denunciar cualquiera de las conductas mencionadas de acuerdo con la Ley, as\u00ed como a colaborar con las autoridades en la investigaci\u00f3n de dichas actuaciones.<\/p>\n<p>CATERING SENSACIONS podr\u00e1 suspender temporalmente y sin previo aviso, la accesibilidad al Sitio Web con motivo de operaciones de mantenimiento, reparaci\u00f3n, actualizaci\u00f3n o mejora. No obstante, siempre que las circunstancias lo permitan, CATERING SENSACIONS comunicar\u00e1 al Usuario, con antelaci\u00f3n suficiente, la fecha prevista para la suspensi\u00f3n de los servicios. CATERING SENSACIONS no se responsabiliza del uso que los Usuarios puedan hacer de los Contenidos incluidos en el Sitio Web.<\/p>\n\t\t\t\t\t\t\t\t<\/div>\n\t\t\t\t<\/div>\n\t\t\t\t<div class=\"elementor-element elementor-element-af740e1 elementor-widget elementor-widget-text-editor\" data-id=\"af740e1\" data-element_type=\"widget\" data-widget_type=\"text-editor.default\">\n\t\t\t\t<div class=\"elementor-widget-container\">\n\t\t\t\t\t\t\t\t\t<h5>3.- Propiedad Intelectual e Industrial<\/h5>\n<p>Todos y cada uno de los derechos de propiedad intelectual sobre el contenido y el dise\u00f1o gr\u00e1fico de este Sitio Web (a t\u00edtulo enunciativo, im\u00e1genes, sonido, audio, v\u00eddeo, software o textos; marcas o logotipos, combinaciones de colores, estructura y dise\u00f1o, selecci\u00f3n de materiales usados, programas de ordenador necesarios para su funcionamiento, acceso y uso, etc.) son propiedad exclusiva de CATERING SENSACIONS y\/o de terceros que han autorizado formalmente su uso a CATERING SENSACIONS. Por consiguiente, CATERING SENSACIONS tiene el derecho exclusivo de explotaci\u00f3n de dichos contenidos y cuenta con todos los permisos necesarios para el uso de im\u00e1genes e informaci\u00f3n de terceros.<\/p>\n<p>Por ello, en virtud de lo dispuesto en el Real Decreto Legislativo 1\/1996, de 12 de abril, por el que se aprueba el Texto Refundido de la Ley de Propiedad Intelectual, y en la Ley 17\/2001, de 7 de<br \/>\ndiciembre, de Marcas, de 7 de diciembre, de Marcas, as\u00ed como cualquier otra legislaci\u00f3n complementaria en materia de propiedad intelectual e industrial, queda prohibida la reproducci\u00f3n, transmisi\u00f3n, adaptaci\u00f3n, traducci\u00f3n, distribuci\u00f3n o comunicaci\u00f3n p\u00fablica, incluida la puesta a disposici\u00f3n o cualquier otra forma de explotaci\u00f3n comercial y\/o modificaci\u00f3n de todo o parte del contenido del Sitio Web, salvo autorizaci\u00f3n previa y expresa de CATERING SENSACIONS.<\/p>\n<p>CATERING SENSACIONS no concede ninguna licencia o autorizaci\u00f3n para utilizar ninguno de sus derechos de propiedad intelectual e industrial o cualquier otra propiedad o derecho relacionado con el Sitio Web y\/o los servicios o contenidos de la misma.<\/p>\n<p>El Usuario se compromete a respetar los derechos de Propiedad Intelectual e Industrial titularidad de CATERING SENSACIONS. Se permite, en este sentido, la reproducci\u00f3n y almacenamiento temporal de los contenidos del Sitio Web en tanto ello sea estrictamente necesario para el uso y visualizaci\u00f3n del Sitio Web desde un ordenador\/Tablet o tel\u00e9fono personal.<\/p>\n<p>La legitimidad de los derechos de propiedad intelectual o industrial sobre los contenidos aportados por los Usuarios es de la exclusiva responsabilidad de los mismos, que responder\u00e1n frente a cualquier reclamaci\u00f3n de terceros derivada del uso il\u00edcito de los contenidos del Sitio Web.<\/p>\n\t\t\t\t\t\t\t\t<\/div>\n\t\t\t\t<\/div>\n\t\t\t\t<div class=\"elementor-element elementor-element-6dcfeb8 elementor-widget elementor-widget-text-editor\" data-id=\"6dcfeb8\" data-element_type=\"widget\" data-widget_type=\"text-editor.default\">\n\t\t\t\t<div class=\"elementor-widget-container\">\n\t\t\t\t\t\t\t\t\t<h5>4.- Protecci\u00f3n de datos<\/h5>\n<p>El uso de este Sitio Web puede requerir que los Usuarios proporcionen datos personales. CATERING SENSACIONS trata este tipo de informaci\u00f3n de acuerdo con la legislaci\u00f3n aplicable, y la recoge en su <a href=\"https:\/\/sensacions.com\/es\/politica-de-privacidad\/\" target=\"_blank\" rel=\"noopener\">Pol\u00edtica de Privacidad<\/a>.<\/p>\n\t\t\t\t\t\t\t\t<\/div>\n\t\t\t\t<\/div>\n\t\t\t\t<div class=\"elementor-element elementor-element-bbd514f elementor-widget elementor-widget-text-editor\" data-id=\"bbd514f\" data-element_type=\"widget\" data-widget_type=\"text-editor.default\">\n\t\t\t\t<div class=\"elementor-widget-container\">\n\t\t\t\t\t\t\t\t\t<h5>5.- Responsabilidad y Garant\u00edas<\/h5>\n<p>CATERING SENSACIONS declara que ha adoptado todas las medidas necesarias, dentro de sus posibilidades y teniendo en cuenta el estado actual de la tecnolog\u00eda, para permitir el correcto funcionamiento y la ausencia de virus y componentes da\u00f1inos en su Sitio Web.<\/p>\n<p>Sin embargo, CATERING SENSACIONS no puede ser considerada responsable por:<\/p>\n<ul>\n<li>la falta de continuidad y disponibilidad de los Contenidos y Servicios;<\/li>\n<li>la presencia de errores en dicho Contenido o la falta de correcci\u00f3n de los defectos que pudieran existir;<\/li>\n<li>la veracidad, integridad o actualizaci\u00f3n de los datos facilitados por los Usuarios;<\/li>\n<li>la interrupci\u00f3n del funcionamiento del Sitio Web o fallos inform\u00e1ticos, aver\u00edas telef\u00f3nicas, desconexiones, retrasos o bloqueos causados por deficiencias o sobrecargas en las l\u00edneas telef\u00f3nicas, centros de datos, en el sistema de Internet o en otros sistemas electr\u00f3nicos, producidos en el curso de su funcionamiento;<\/li>\n<li>la presencia de virus u otros componentes da\u00f1inos;<\/li>\n<li>cualquier da\u00f1o causado por terceros que infrinjan o vulneren los sistemas de seguridad de CATERING SENSACIONS.<\/li>\n<\/ul>\n<p>CATERING SENSACIONS no asume responsabilidad alguna por la exactitud, integridad o actualidad de la informaci\u00f3n proporcionada en el Sitio Web. La informaci\u00f3n ofrecida es meramente informativa y est\u00e1 sujeta a cambios sin previo aviso, incluidos los precios, las fechas o la disponibilidad de los cursos, entre otros.<\/p>\n<p>CATERING SENSACIONS podr\u00e1 suspender temporalmente y sin previo aviso, la accesibilidad al Sitio Web con motivo de operaciones de mantenimiento, reparaci\u00f3n, actualizaci\u00f3n o mejora. No obstante, siempre que las circunstancias lo permitan, CATERING SENSACIONS comunicar\u00e1 al Usuario, con antelaci\u00f3n suficiente, la fecha prevista para la suspensi\u00f3n de los Servicios.<\/p>\n<p>CATERING SENSACIONS no se responsabiliza del uso que los Usuarios puedan hacer de los Contenidos incluidos en el Sitio Web.<\/p>\n\t\t\t\t\t\t\t\t<\/div>\n\t\t\t\t<\/div>\n\t\t\t\t<div class=\"elementor-element elementor-element-48a77e8 elementor-widget elementor-widget-text-editor\" data-id=\"48a77e8\" data-element_type=\"widget\" data-widget_type=\"text-editor.default\">\n\t\t\t\t<div class=\"elementor-widget-container\">\n\t\t\t\t\t\t\t\t\t<h5>6.- Duraci\u00f3n y modificaci\u00f3n<\/h5>\n<p>El presente Aviso Legal estar\u00e1 vigente con car\u00e1cter indefinido, pudiendo CATERING SENSACIONS efectuar cambios sobre las condiciones especificadas en el mismo, y que entrar\u00e1n en vigor desde el momento de su publicaci\u00f3n.<\/p>\n<p>CATERING SENSACIONS podr\u00e1 suprimir, a\u00f1adir o cambiar tanto los Contenidos como los servicios que presta, as\u00ed como tambi\u00e9n la forma en la que los mismos aparezcan localizados o presentados.<\/p>\n<p>Se entienden como vigentes, las condiciones que est\u00e9n publicadas en el momento en el que el Usuario acceda al Sitio Web de CATERING SENSACIONS.<\/p>\n<p>El acceso y\/o el uso del Sitio Web se entender\u00e1 como una aceptaci\u00f3n por parte del Usuario del presente Aviso Legal y sus condiciones y, en su caso, los cambios efectuados en las mismas.<\/p>\n\t\t\t\t\t\t\t\t<\/div>\n\t\t\t\t<\/div>\n\t\t\t\t<div class=\"elementor-element elementor-element-724e38d elementor-widget elementor-widget-text-editor\" data-id=\"724e38d\" data-element_type=\"widget\" data-widget_type=\"text-editor.default\">\n\t\t\t\t<div class=\"elementor-widget-container\">\n\t\t\t\t\t\t\t\t\t<h5>7.- Hiperv\u00ednculos<\/h5>\n<p>CATERING SENSACIONS no asume ninguna responsabilidad sobre los enlaces a otras aplicaciones o sitios web que se encuentren en el Sitio Web de CATERING SENSACIONS, pudiendo dirigir al Usuario a otras aplicaciones o sitios web sobre los que CATERING SENSACIONS no tiene ning\u00fan tipo de control.<\/p>\n<p>En este sentido, CATERING SENSACIONS no se hace responsable de la informaci\u00f3n contenida en estos enlaces de terceros ni de cualesquiera efectos que pudieran derivarse de dicha informaci\u00f3n.<\/p>\n<p>Por lo tanto, la inclusi\u00f3n de v\u00ednculos con otros sitios web o aplicaciones no implica la aprobaci\u00f3n de sus contenidos por parte de CATERING SENSACIONS ni la existencia de ning\u00fan tipo de asociaci\u00f3n entre CATERING SENSACIONS y los titulares de otros sitios web o aplicaciones.<\/p>\n<p>En consecuencia, el Usuario accede bajo su exclusiva responsabilidad al Contenido y en las condiciones de uso que rijan en los mismos.<\/p>\n\t\t\t\t\t\t\t\t<\/div>\n\t\t\t\t<\/div>\n\t\t\t\t<div class=\"elementor-element elementor-element-f0dbf1c elementor-widget elementor-widget-text-editor\" data-id=\"f0dbf1c\" data-element_type=\"widget\" data-widget_type=\"text-editor.default\">\n\t\t\t\t<div class=\"elementor-widget-container\">\n\t\t\t\t\t\t\t\t\t<h5>8.- Salvaguardia e interpretaci\u00f3n<\/h5>\n<p>Este Aviso Legal constituye un acuerdo entre cada uno de los Usuarios y CATERING SENSACIONS.<\/p>\n<p>Si la autoridad competente declara que una disposici\u00f3n es ilegal, inv\u00e1lida o inaplicable, dicha declaraci\u00f3n con respecto a una o varias cl\u00e1usulas se entender\u00e1 sin perjuicio de la validez de las dem\u00e1s cl\u00e1usulas.<\/p>\n<p>El hecho de que CATERING SENSACIONS no exija el cumplimiento estricto de ninguna de las disposiciones del presente Aviso Legal no constituye ni puede interpretarse en modo alguno como una renuncia de su parte a exigir el cumplimiento estricto en el futuro.<\/p>\n\t\t\t\t\t\t\t\t<\/div>\n\t\t\t\t<\/div>\n\t\t\t\t<div class=\"elementor-element elementor-element-f6a2c94 elementor-widget elementor-widget-text-editor\" data-id=\"f6a2c94\" data-element_type=\"widget\" data-widget_type=\"text-editor.default\">\n\t\t\t\t<div class=\"elementor-widget-container\">\n\t\t\t\t\t\t\t\t\t<h5>9.- Informaci\u00f3n General<\/h5>\n<p>CATERING SENSACIONS perseguir\u00e1 el incumplimiento del presente Aviso Legal, as\u00ed como cualquier utilizaci\u00f3n indebida de su portal, ejerciendo todas las acciones civiles y penales que le puedan corresponder en derecho<\/p>\n\t\t\t\t\t\t\t\t<\/div>\n\t\t\t\t<\/div>\n\t\t\t\t<div class=\"elementor-element elementor-element-88ff4e8 elementor-widget elementor-widget-text-editor\" data-id=\"88ff4e8\" data-element_type=\"widget\" data-widget_type=\"text-editor.default\">\n\t\t\t\t<div class=\"elementor-widget-container\">\n\t\t\t\t\t\t\t\t\t<h5>10.- Notificaciones<\/h5>\n<p>CATERING SENSACIONS podr\u00e1 realizar las oportunas comunicaciones a trav\u00e9s de la direcci\u00f3n de correo electr\u00f3nico facilitada por los Usuarios en los formularios de registro o a trav\u00e9s de cualquier otro medio facilitado en los datos de contacto del Usuario.<\/p>\n\t\t\t\t\t\t\t\t<\/div>\n\t\t\t\t<\/div>\n\t\t\t\t\t<\/div>\n\t\t<\/div>\n\t\t\t\t\t<\/div>\n\t\t<\/section>\n\t\t\t\t\t<\/div>\n\t\t<\/div>\n\t\t\t\t\t<\/div>\n\t\t<\/section>\n\t\t\t\t<\/div>\n\t\t","protected":false},"excerpt":{"rendered":"<p>Legal 1.- Derecho de la informaci\u00f3n Le informamos que este Sitio Web https:\/\/sensacions.com (en adelante, el \u201cSitio Web\u201d) es titularidad de CATERING SENSACIONS, S.L. (en adelante, \u201cCATERING SENSACIONS\u201d), con N.I.F. B65390163 y domicilio social en Avenida Can Mag\u00ed, 5 08173, Barcelona, Espa\u00f1a e inscrita en el Registro Mercantil de Barcelona. El acceso y\/o uso del [&hellip;]<\/p>\n","protected":false},"author":2,"featured_media":0,"parent":0,"menu_order":0,"comment_status":"closed","ping_status":"closed","template":"elementor_header_footer","meta":{"footnotes":""},"class_list":["post-5389","page","type-page","status-publish","hentry"],"_links":{"self":[{"href":"https:\/\/sensacions.com\/es\/wp-json\/wp\/v2\/pages\/5389","targetHints":{"allow":["GET"]}}],"collection":[{"href":"https:\/\/sensacions.com\/es\/wp-json\/wp\/v2\/pages"}],"about":[{"href":"https:\/\/sensacions.com\/es\/wp-json\/wp\/v2\/types\/page"}],"author":[{"embeddable":true,"href":"https:\/\/sensacions.com\/es\/wp-json\/wp\/v2\/users\/2"}],"replies":[{"embeddable":true,"href":"https:\/\/sensacions.com\/es\/wp-json\/wp\/v2\/comments?post=5389"}],"version-history":[{"count":3,"href":"https:\/\/sensacions.com\/es\/wp-json\/wp\/v2\/pages\/5389\/revisions"}],"predecessor-version":[{"id":6168,"href":"https:\/\/sensacions.com\/es\/wp-json\/wp\/v2\/pages\/5389\/revisions\/6168"}],"wp:attachment":[{"href":"https:\/\/sensacions.com\/es\/wp-json\/wp\/v2\/media?parent=5389"}],"curies":[{"name":"wp","href":"https:\/\/api.w.org\/{rel}","templated":true}]}}