{"id":6228,"date":"2025-05-19T14:15:11","date_gmt":"2025-05-19T12:15:11","guid":{"rendered":"https:\/\/sensacionsbarcelona.com\/politica-de-calidad-y-seguridad-alimentaria\/"},"modified":"2025-05-19T14:15:11","modified_gmt":"2025-05-19T12:15:11","slug":"politica-de-calidad-y-seguridad-alimentaria","status":"publish","type":"page","link":"https:\/\/sensacions.com\/es\/politica-de-calidad-y-seguridad-alimentaria\/","title":{"rendered":"Pol\u00edtica de calidad y seguridad alimentaria"},"content":{"rendered":"<p><strong>Sensacions Gastronomy &amp; Emotions,<\/strong> como empresa dedicada al catering y a la organizaci\u00f3n de eventos, nos comprometemos a ofrecer experiencias excepcionales que fusionen la creatividad, sostenibilidad y la atenci\u00f3n al detalle.<\/p>\n<p>&nbsp;<\/p>\n<p>Nos alineamos con los principios de actuaci\u00f3n siguientes, para garantizar en todo momento el cumplimiento de los requisitos exigidos por nuestros clientes, por la legislaci\u00f3n y las disposiciones reglamentarias que nos apliquen, as\u00ed como con nuestras l\u00edneas estrat\u00e9gicas:<\/p>\n<p>&nbsp;<\/p>\n<ul>\n<li><strong>Excelencia: <\/strong>Conseguir la m\u00e1xima satisfacci\u00f3n y fidelizaci\u00f3n de nuestros clientes, optimizando sus experiencias.<\/li>\n<\/ul>\n<p>&nbsp;<\/p>\n<ul>\n<li><strong>Innovaci\u00f3n: <\/strong>Mejorar de manera continuada nuestros servicios, as\u00ed como nuestros procesos internos a partir de los objetivos establecidos anualmente.<\/li>\n<\/ul>\n<p>&nbsp;<\/p>\n<ul>\n<li><strong>Personalizaci\u00f3n:<\/strong> Cada evento es una oportunidad para comunicar la visi\u00f3n y valores de nuestros clientes.<\/li>\n<\/ul>\n<p>&nbsp;<\/p>\n<ul>\n<li><strong>Profesionalidad: <\/strong>Fomentar la formaci\u00f3n, sensibilizaci\u00f3n y motivaci\u00f3n de nuestro equipo, as\u00ed como la participaci\u00f3n mediante el trabajo conjunto.<\/li>\n<\/ul>\n<p>&nbsp;<\/p>\n<ul>\n<li><strong>Sostenibilidad: <\/strong>El compromiso con el medio ambiente y la sostenibilidad es uno de nuestros pilares fundamentales. Nos comprometemos a reducir nuestra huella ecol\u00f3gica mediante pr\u00e1cticas responsables y foment\u00e1ndola concienciaci\u00f3n de nuestro equipo.<\/li>\n<\/ul>\n<p>&nbsp;<\/p>\n<ul>\n<li><strong>Cumplimento: <\/strong>Cumplir los requisitos de nuestros clientes, la legislaci\u00f3n aplicable y otros requisitos suscritos, fomentar la transparencia, as\u00ed como preservar la confidencialidad de la informaci\u00f3n y los datos con los que trabajamos.<\/li>\n<\/ul>\n<p><strong>\u00a0<\/strong><\/p>\n<ul>\n<li><strong>Seguridad: <\/strong>Aplicamos procedimientos y controles continuos para garantizar la calidad e inocuidad de los alimentos que trabajamos, asegurando la trazabilidad y la seguridad alimentaria a lo largo de todos nuestros procesos.<\/li>\n<\/ul>\n<p>&nbsp;<\/p>\n<p>Esta pol\u00edtica se complementa con los objetivos de la calidad aprobados anualmente, y est\u00e1 al alcance de todas nuestras partes interesadas mediante la publicaci\u00f3n en nuestra web.<\/p>\n","protected":false},"excerpt":{"rendered":"<p>Sensacions Gastronomy &amp; Emotions, como empresa dedicada al catering y a la organizaci\u00f3n de eventos, nos comprometemos a ofrecer experiencias excepcionales que fusionen la creatividad, sostenibilidad y la atenci\u00f3n al detalle. &nbsp; Nos alineamos con los principios de actuaci\u00f3n siguientes, para garantizar en todo momento el cumplimiento de los requisitos exigidos por nuestros clientes, por [&hellip;]<\/p>\n","protected":false},"author":4,"featured_media":0,"parent":0,"menu_order":0,"comment_status":"closed","ping_status":"closed","template":"","meta":{"footnotes":""},"class_list":["post-6228","page","type-page","status-publish","hentry"],"_links":{"self":[{"href":"https:\/\/sensacions.com\/es\/wp-json\/wp\/v2\/pages\/6228","targetHints":{"allow":["GET"]}}],"collection":[{"href":"https:\/\/sensacions.com\/es\/wp-json\/wp\/v2\/pages"}],"about":[{"href":"https:\/\/sensacions.com\/es\/wp-json\/wp\/v2\/types\/page"}],"author":[{"embeddable":true,"href":"https:\/\/sensacions.com\/es\/wp-json\/wp\/v2\/users\/4"}],"replies":[{"embeddable":true,"href":"https:\/\/sensacions.com\/es\/wp-json\/wp\/v2\/comments?post=6228"}],"version-history":[{"count":0,"href":"https:\/\/sensacions.com\/es\/wp-json\/wp\/v2\/pages\/6228\/revisions"}],"wp:attachment":[{"href":"https:\/\/sensacions.com\/es\/wp-json\/wp\/v2\/media?parent=6228"}],"curies":[{"name":"wp","href":"https:\/\/api.w.org\/{rel}","templated":true}]}}